{"id":36,"date":"2019-05-10T08:52:40","date_gmt":"2019-05-10T08:52:40","guid":{"rendered":"https:\/\/db0roe.link\/?page_id=36"},"modified":"2024-12-04T18:39:03","modified_gmt":"2024-12-04T16:39:03","slug":"willkommen","status":"publish","type":"page","link":"https:\/\/db0roe.link\/","title":{"rendered":"Willkommen"},"content":{"rendered":"\n<p><\/p>\n\n\n<p>&#8230; auf der Webseite zur Funkstation DB0ROE des DARC e.V. Ortsverbandes H32 in Lehrte-R\u00f6ddensen!<\/p>\n<p>Von hier aus versorgen wir die Funkamateure aus der Region Lehrte\/Burgdorf\/Sehnde \u00fcber die Frequenz 438,375 Mhz (-7,6) in den Betriebsarten DMR &amp; FM im Multimodemischbetrieb.<\/p>\n<p><strong>F\u00fcr f\u00fcr die Betriebsart DMR nutzen Sie bitte folgende Talkgroups:<br \/><\/strong><strong>Zeitschlitz 1 = TG 262339 &#8222;H32-Lehrte&#8220; und tempor\u00e4re Talkgroups<br \/>Zeitschlitz 2 = TG 8 &#8222;Region NI-Mitte&#8220; sowie TG 26230 &#8222;RegHannover&#8220;<\/strong><\/p>\n<p>Die analoge Nutzung ist ausschlich Lokal und verf\u00fcgt \u00fcber keine Vernetzung.\u00a0<\/p>\n<p><span style=\"color: #ff0000;\">Auf Grund der Vernetzung \u00fcber das Internet, achten Sie bei digitalen QSOs immer darauf, entsprechende Pausen von mindestens 3 Sekunden zu lassen.<\/span><\/p>\n<p>Wir freuen uns \u00fcber angenehme QSO&#8217;s unter Funkamateuren.<\/p>\n\n\n<p><\/p>\n","protected":false},"excerpt":{"rendered":"<p>&#8230; auf der Webseite zur Funkstation DB0ROE des DARC e.V. Ortsverbandes H32 in Lehrte-R\u00f6ddensen! Von hier aus versorgen wir die Funkamateure aus der Region Lehrte\/Burgdorf\/Sehnde \u00fcber die Frequenz 438,375 Mhz (-7,6) in den Betriebsarten DMR &amp; FM im Multimodemischbetrieb. F\u00fcr f\u00fcr die Betriebsart DMR nutzen Sie bitte folgende Talkgroups:Zeitschlitz 1 = TG 262339 &#8222;H32-Lehrte&#8220; und [&hellip;]<\/p>\n","protected":false},"author":1,"featured_media":0,"parent":0,"menu_order":0,"comment_status":"closed","ping_status":"closed","template":"","meta":{"footnotes":""},"class_list":["post-36","page","type-page","status-publish","hentry","post-preview"],"_links":{"self":[{"href":"https:\/\/db0roe.link\/index.php?rest_route=\/wp\/v2\/pages\/36","targetHints":{"allow":["GET"]}}],"collection":[{"href":"https:\/\/db0roe.link\/index.php?rest_route=\/wp\/v2\/pages"}],"about":[{"href":"https:\/\/db0roe.link\/index.php?rest_route=\/wp\/v2\/types\/page"}],"author":[{"embeddable":true,"href":"https:\/\/db0roe.link\/index.php?rest_route=\/wp\/v2\/users\/1"}],"replies":[{"embeddable":true,"href":"https:\/\/db0roe.link\/index.php?rest_route=%2Fwp%2Fv2%2Fcomments&post=36"}],"version-history":[{"count":48,"href":"https:\/\/db0roe.link\/index.php?rest_route=\/wp\/v2\/pages\/36\/revisions"}],"predecessor-version":[{"id":528,"href":"https:\/\/db0roe.link\/index.php?rest_route=\/wp\/v2\/pages\/36\/revisions\/528"}],"wp:attachment":[{"href":"https:\/\/db0roe.link\/index.php?rest_route=%2Fwp%2Fv2%2Fmedia&parent=36"}],"curies":[{"name":"wp","href":"https:\/\/api.w.org\/{rel}","templated":true}]}}